{"id":13071,"date":"2023-08-27T10:40:46","date_gmt":"2023-08-27T08:40:46","guid":{"rendered":"https:\/\/theatre-la-bicyclette.fr\/?page_id=13071"},"modified":"2023-08-29T14:56:24","modified_gmt":"2023-08-29T12:56:24","slug":"les-echapees-de-la-bicyclette","status":"publish","type":"page","link":"https:\/\/theatre-la-bicyclette.fr\/index.php\/les-echapees-de-la-bicyclette\/","title":{"rendered":"Les \u00e9chapp\u00e9es de la Bicyclette"},"content":{"rendered":"\t\t<div data-elementor-type=\"wp-page\" data-elementor-id=\"13071\" class=\"elementor elementor-13071\" data-elementor-post-type=\"page\">\n\t\t\t\t\t\t<section class=\"elementor-section elementor-top-section elementor-element elementor-element-2b8c162 elementor-section-boxed elementor-section-height-default elementor-section-height-default\" data-id=\"2b8c162\" data-element_type=\"section\" data-e-type=\"section\">\n\t\t\t\t\t\t<div class=\"elementor-container elementor-column-gap-default\">\n\t\t\t\t\t<div class=\"elementor-column elementor-col-100 elementor-top-column elementor-element elementor-element-38e613e\" data-id=\"38e613e\" data-element_type=\"column\" data-e-type=\"column\">\n\t\t\t<div class=\"elementor-widget-wrap elementor-element-populated\">\n\t\t\t\t\t\t<div class=\"elementor-element elementor-element-70a24c3 elementor-widget elementor-widget-heading\" data-id=\"70a24c3\" data-element_type=\"widget\" data-e-type=\"widget\" data-widget_type=\"heading.default\">\n\t\t\t\t<div class=\"elementor-widget-container\">\n\t\t\t\t\t<h2 class=\"elementor-heading-title elementor-size-default\"><a href=\"https:\/\/theatre-la-bicyclette.fr\/wp-content\/uploads\/2023\/08\/Programmation-portrait-Internet-et-reseaux-sociaux.pdf\">T\u00e9l\u00e9chargez le programme au format PDF.<\/a><\/h2>\t\t\t\t<\/div>\n\t\t\t\t<\/div>\n\t\t\t\t<div class=\"elementor-element elementor-element-8aa5ec4 elementor-widget elementor-widget-image\" data-id=\"8aa5ec4\" data-element_type=\"widget\" data-e-type=\"widget\" data-widget_type=\"image.default\">\n\t\t\t\t<div class=\"elementor-widget-container\">\n\t\t\t\t\t\t\t\t\t\t\t\t\t\t\t<img fetchpriority=\"high\" decoding=\"async\" width=\"766\" height=\"2160\" src=\"https:\/\/theatre-la-bicyclette.fr\/wp-content\/uploads\/2023\/08\/Programmation-scroll-une-seule-page_Web-version.png\" class=\"attachment-full size-full wp-image-14848\" alt=\"\" srcset=\"https:\/\/theatre-la-bicyclette.fr\/wp-content\/uploads\/2023\/08\/Programmation-scroll-une-seule-page_Web-version.png 766w, https:\/\/theatre-la-bicyclette.fr\/wp-content\/uploads\/2023\/08\/Programmation-scroll-une-seule-page_Web-version-106x300.png 106w, https:\/\/theatre-la-bicyclette.fr\/wp-content\/uploads\/2023\/08\/Programmation-scroll-une-seule-page_Web-version-363x1024.png 363w, https:\/\/theatre-la-bicyclette.fr\/wp-content\/uploads\/2023\/08\/Programmation-scroll-une-seule-page_Web-version-545x1536.png 545w, https:\/\/theatre-la-bicyclette.fr\/wp-content\/uploads\/2023\/08\/Programmation-scroll-une-seule-page_Web-version-726x2048.png 726w\" sizes=\"(max-width: 766px) 100vw, 766px\" \/>\t\t\t\t\t\t\t\t\t\t\t\t\t\t\t<\/div>\n\t\t\t\t<\/div>\n\t\t\t\t\t<\/div>\n\t\t<\/div>\n\t\t\t\t\t<\/div>\n\t\t<\/section>\n\t\t\t\t<\/div>\n\t\t","protected":false},"excerpt":{"rendered":"<p>T\u00e9l\u00e9chargez le programme au format PDF.<\/p>\n","protected":false},"author":2,"featured_media":0,"parent":0,"menu_order":0,"comment_status":"closed","ping_status":"closed","template":"","meta":{"_acf_changed":false,"_seopress_robots_primary_cat":"","_seopress_titles_title":"","_seopress_titles_desc":"","_seopress_robots_index":"","_eb_attr":"","footnotes":""},"class_list":["post-13071","page","type-page","status-publish","hentry"],"acf":[],"yoast_head":"<!-- This site is optimized with the Yoast SEO plugin v27.4 - https:\/\/yoast.com\/product\/yoast-seo-wordpress\/ -->\n<title>Les \u00e9chapp\u00e9es de la Bicyclette - Th\u00e9\u00e2tre de la Bicyclette<\/title>\n<meta name=\"robots\" content=\"index, follow, max-snippet:-1, max-image-preview:large, max-video-preview:-1\" \/>\n<link rel=\"canonical\" href=\"https:\/\/theatre-la-bicyclette.fr\/index.php\/les-echapees-de-la-bicyclette\/\" \/>\n<meta property=\"og:locale\" content=\"fr_FR\" \/>\n<meta property=\"og:type\" content=\"article\" \/>\n<meta property=\"og:title\" content=\"Les \u00e9chapp\u00e9es de la Bicyclette - Th\u00e9\u00e2tre de la Bicyclette\" \/>\n<meta property=\"og:description\" content=\"T\u00e9l\u00e9chargez le programme au format PDF.\" \/>\n<meta property=\"og:url\" content=\"https:\/\/theatre-la-bicyclette.fr\/index.php\/les-echapees-de-la-bicyclette\/\" \/>\n<meta property=\"og:site_name\" content=\"Th\u00e9\u00e2tre de la Bicyclette\" \/>\n<meta property=\"article:publisher\" content=\"https:\/\/www.facebook.com\/profile.php?id=100086652006023\" \/>\n<meta property=\"article:modified_time\" content=\"2023-08-29T12:56:24+00:00\" \/>\n<meta property=\"og:image\" content=\"https:\/\/theatre-la-bicyclette.fr\/wp-content\/uploads\/2023\/08\/Programmation-scroll-une-seule-page_Web-version.png\" \/>\n<meta name=\"twitter:card\" content=\"summary_large_image\" \/>\n<meta name=\"twitter:label1\" content=\"Dur\u00e9e de lecture estim\u00e9e\" \/>\n\t<meta name=\"twitter:data1\" content=\"1 minute\" \/>\n<script type=\"application\/ld+json\" class=\"yoast-schema-graph\">{\"@context\":\"https:\\\/\\\/schema.org\",\"@graph\":[{\"@type\":\"WebPage\",\"@id\":\"https:\\\/\\\/theatre-la-bicyclette.fr\\\/index.php\\\/les-echapees-de-la-bicyclette\\\/\",\"url\":\"https:\\\/\\\/theatre-la-bicyclette.fr\\\/index.php\\\/les-echapees-de-la-bicyclette\\\/\",\"name\":\"Les \u00e9chapp\u00e9es de la Bicyclette - Th\u00e9\u00e2tre de la Bicyclette\",\"isPartOf\":{\"@id\":\"https:\\\/\\\/theatre-la-bicyclette.fr\\\/#website\"},\"primaryImageOfPage\":{\"@id\":\"https:\\\/\\\/theatre-la-bicyclette.fr\\\/index.php\\\/les-echapees-de-la-bicyclette\\\/#primaryimage\"},\"image\":{\"@id\":\"https:\\\/\\\/theatre-la-bicyclette.fr\\\/index.php\\\/les-echapees-de-la-bicyclette\\\/#primaryimage\"},\"thumbnailUrl\":\"https:\\\/\\\/theatre-la-bicyclette.fr\\\/wp-content\\\/uploads\\\/2023\\\/08\\\/Programmation-scroll-une-seule-page_Web-version.png\",\"datePublished\":\"2023-08-27T08:40:46+00:00\",\"dateModified\":\"2023-08-29T12:56:24+00:00\",\"inLanguage\":\"fr-FR\",\"potentialAction\":[{\"@type\":\"ReadAction\",\"target\":[\"https:\\\/\\\/theatre-la-bicyclette.fr\\\/index.php\\\/les-echapees-de-la-bicyclette\\\/\"]}]},{\"@type\":\"ImageObject\",\"inLanguage\":\"fr-FR\",\"@id\":\"https:\\\/\\\/theatre-la-bicyclette.fr\\\/index.php\\\/les-echapees-de-la-bicyclette\\\/#primaryimage\",\"url\":\"https:\\\/\\\/theatre-la-bicyclette.fr\\\/wp-content\\\/uploads\\\/2023\\\/08\\\/Programmation-scroll-une-seule-page_Web-version.png\",\"contentUrl\":\"https:\\\/\\\/theatre-la-bicyclette.fr\\\/wp-content\\\/uploads\\\/2023\\\/08\\\/Programmation-scroll-une-seule-page_Web-version.png\",\"width\":766,\"height\":2160},{\"@type\":\"WebSite\",\"@id\":\"https:\\\/\\\/theatre-la-bicyclette.fr\\\/#website\",\"url\":\"https:\\\/\\\/theatre-la-bicyclette.fr\\\/\",\"name\":\"Th\u00e9\u00e2tre de la Bicyclette\",\"description\":\"La petite reine des arts au c\u0153ur de Lod\u00e8ve.\",\"publisher\":{\"@id\":\"https:\\\/\\\/theatre-la-bicyclette.fr\\\/#organization\"},\"potentialAction\":[{\"@type\":\"SearchAction\",\"target\":{\"@type\":\"EntryPoint\",\"urlTemplate\":\"https:\\\/\\\/theatre-la-bicyclette.fr\\\/?s={search_term_string}\"},\"query-input\":{\"@type\":\"PropertyValueSpecification\",\"valueRequired\":true,\"valueName\":\"search_term_string\"}}],\"inLanguage\":\"fr-FR\"},{\"@type\":\"Organization\",\"@id\":\"https:\\\/\\\/theatre-la-bicyclette.fr\\\/#organization\",\"name\":\"Th\u00e9\u00e2tre de la Bicyclette\",\"url\":\"https:\\\/\\\/theatre-la-bicyclette.fr\\\/\",\"logo\":{\"@type\":\"ImageObject\",\"inLanguage\":\"fr-FR\",\"@id\":\"https:\\\/\\\/theatre-la-bicyclette.fr\\\/#\\\/schema\\\/logo\\\/image\\\/\",\"url\":\"https:\\\/\\\/theatre-la-bicyclette.fr\\\/wp-content\\\/uploads\\\/2023\\\/01\\\/logo-e1674724130978.png\",\"contentUrl\":\"https:\\\/\\\/theatre-la-bicyclette.fr\\\/wp-content\\\/uploads\\\/2023\\\/01\\\/logo-e1674724130978.png\",\"width\":200,\"height\":200,\"caption\":\"Th\u00e9\u00e2tre de la Bicyclette\"},\"image\":{\"@id\":\"https:\\\/\\\/theatre-la-bicyclette.fr\\\/#\\\/schema\\\/logo\\\/image\\\/\"},\"sameAs\":[\"https:\\\/\\\/www.facebook.com\\\/profile.php?id=100086652006023\"]}]}<\/script>\n<!-- \/ Yoast SEO plugin. -->","yoast_head_json":{"title":"Les \u00e9chapp\u00e9es de la Bicyclette - Th\u00e9\u00e2tre de la Bicyclette","robots":{"index":"index","follow":"follow","max-snippet":"max-snippet:-1","max-image-preview":"max-image-preview:large","max-video-preview":"max-video-preview:-1"},"canonical":"https:\/\/theatre-la-bicyclette.fr\/index.php\/les-echapees-de-la-bicyclette\/","og_locale":"fr_FR","og_type":"article","og_title":"Les \u00e9chapp\u00e9es de la Bicyclette - Th\u00e9\u00e2tre de la Bicyclette","og_description":"T\u00e9l\u00e9chargez le programme au format PDF.","og_url":"https:\/\/theatre-la-bicyclette.fr\/index.php\/les-echapees-de-la-bicyclette\/","og_site_name":"Th\u00e9\u00e2tre de la Bicyclette","article_publisher":"https:\/\/www.facebook.com\/profile.php?id=100086652006023","article_modified_time":"2023-08-29T12:56:24+00:00","og_image":[{"url":"https:\/\/theatre-la-bicyclette.fr\/wp-content\/uploads\/2023\/08\/Programmation-scroll-une-seule-page_Web-version.png","type":"","width":"","height":""}],"twitter_card":"summary_large_image","twitter_misc":{"Dur\u00e9e de lecture estim\u00e9e":"1 minute"},"schema":{"@context":"https:\/\/schema.org","@graph":[{"@type":"WebPage","@id":"https:\/\/theatre-la-bicyclette.fr\/index.php\/les-echapees-de-la-bicyclette\/","url":"https:\/\/theatre-la-bicyclette.fr\/index.php\/les-echapees-de-la-bicyclette\/","name":"Les \u00e9chapp\u00e9es de la Bicyclette - Th\u00e9\u00e2tre de la Bicyclette","isPartOf":{"@id":"https:\/\/theatre-la-bicyclette.fr\/#website"},"primaryImageOfPage":{"@id":"https:\/\/theatre-la-bicyclette.fr\/index.php\/les-echapees-de-la-bicyclette\/#primaryimage"},"image":{"@id":"https:\/\/theatre-la-bicyclette.fr\/index.php\/les-echapees-de-la-bicyclette\/#primaryimage"},"thumbnailUrl":"https:\/\/theatre-la-bicyclette.fr\/wp-content\/uploads\/2023\/08\/Programmation-scroll-une-seule-page_Web-version.png","datePublished":"2023-08-27T08:40:46+00:00","dateModified":"2023-08-29T12:56:24+00:00","inLanguage":"fr-FR","potentialAction":[{"@type":"ReadAction","target":["https:\/\/theatre-la-bicyclette.fr\/index.php\/les-echapees-de-la-bicyclette\/"]}]},{"@type":"ImageObject","inLanguage":"fr-FR","@id":"https:\/\/theatre-la-bicyclette.fr\/index.php\/les-echapees-de-la-bicyclette\/#primaryimage","url":"https:\/\/theatre-la-bicyclette.fr\/wp-content\/uploads\/2023\/08\/Programmation-scroll-une-seule-page_Web-version.png","contentUrl":"https:\/\/theatre-la-bicyclette.fr\/wp-content\/uploads\/2023\/08\/Programmation-scroll-une-seule-page_Web-version.png","width":766,"height":2160},{"@type":"WebSite","@id":"https:\/\/theatre-la-bicyclette.fr\/#website","url":"https:\/\/theatre-la-bicyclette.fr\/","name":"Th\u00e9\u00e2tre de la Bicyclette","description":"La petite reine des arts au c\u0153ur de Lod\u00e8ve.","publisher":{"@id":"https:\/\/theatre-la-bicyclette.fr\/#organization"},"potentialAction":[{"@type":"SearchAction","target":{"@type":"EntryPoint","urlTemplate":"https:\/\/theatre-la-bicyclette.fr\/?s={search_term_string}"},"query-input":{"@type":"PropertyValueSpecification","valueRequired":true,"valueName":"search_term_string"}}],"inLanguage":"fr-FR"},{"@type":"Organization","@id":"https:\/\/theatre-la-bicyclette.fr\/#organization","name":"Th\u00e9\u00e2tre de la Bicyclette","url":"https:\/\/theatre-la-bicyclette.fr\/","logo":{"@type":"ImageObject","inLanguage":"fr-FR","@id":"https:\/\/theatre-la-bicyclette.fr\/#\/schema\/logo\/image\/","url":"https:\/\/theatre-la-bicyclette.fr\/wp-content\/uploads\/2023\/01\/logo-e1674724130978.png","contentUrl":"https:\/\/theatre-la-bicyclette.fr\/wp-content\/uploads\/2023\/01\/logo-e1674724130978.png","width":200,"height":200,"caption":"Th\u00e9\u00e2tre de la Bicyclette"},"image":{"@id":"https:\/\/theatre-la-bicyclette.fr\/#\/schema\/logo\/image\/"},"sameAs":["https:\/\/www.facebook.com\/profile.php?id=100086652006023"]}]}},"_links":{"self":[{"href":"https:\/\/theatre-la-bicyclette.fr\/index.php\/wp-json\/wp\/v2\/pages\/13071","targetHints":{"allow":["GET"]}}],"collection":[{"href":"https:\/\/theatre-la-bicyclette.fr\/index.php\/wp-json\/wp\/v2\/pages"}],"about":[{"href":"https:\/\/theatre-la-bicyclette.fr\/index.php\/wp-json\/wp\/v2\/types\/page"}],"author":[{"embeddable":true,"href":"https:\/\/theatre-la-bicyclette.fr\/index.php\/wp-json\/wp\/v2\/users\/2"}],"replies":[{"embeddable":true,"href":"https:\/\/theatre-la-bicyclette.fr\/index.php\/wp-json\/wp\/v2\/comments?post=13071"}],"version-history":[{"count":20,"href":"https:\/\/theatre-la-bicyclette.fr\/index.php\/wp-json\/wp\/v2\/pages\/13071\/revisions"}],"predecessor-version":[{"id":14881,"href":"https:\/\/theatre-la-bicyclette.fr\/index.php\/wp-json\/wp\/v2\/pages\/13071\/revisions\/14881"}],"wp:attachment":[{"href":"https:\/\/theatre-la-bicyclette.fr\/index.php\/wp-json\/wp\/v2\/media?parent=13071"}],"curies":[{"name":"wp","href":"https:\/\/api.w.org\/{rel}","templated":true}]}}