{"id":1689,"date":"2022-10-28T08:34:53","date_gmt":"2022-10-28T06:34:53","guid":{"rendered":"https:\/\/theatre-la-bicyclette.fr\/?page_id=1689"},"modified":"2024-01-11T03:56:39","modified_gmt":"2024-01-11T02:56:39","slug":"location-de-la-salle","status":"publish","type":"page","link":"https:\/\/theatre-la-bicyclette.fr\/index.php\/location-de-la-salle\/","title":{"rendered":"Location de la salle"},"content":{"rendered":"\t\t<div data-elementor-type=\"wp-page\" data-elementor-id=\"1689\" class=\"elementor elementor-1689\" data-elementor-post-type=\"page\">\n\t\t\t\t\t\t<section class=\"elementor-section elementor-top-section elementor-element elementor-element-1010589 elementor-section-boxed elementor-section-height-default elementor-section-height-default\" data-id=\"1010589\" data-element_type=\"section\" data-e-type=\"section\">\n\t\t\t\t\t\t<div class=\"elementor-container elementor-column-gap-default\">\n\t\t\t\t\t<div class=\"elementor-column elementor-col-100 elementor-top-column elementor-element elementor-element-c1f57a8\" data-id=\"c1f57a8\" data-element_type=\"column\" data-e-type=\"column\">\n\t\t\t<div class=\"elementor-widget-wrap elementor-element-populated\">\n\t\t\t\t\t\t<div class=\"elementor-element elementor-element-13a6ea2 elementor-nav-menu__align-center elementor-nav-menu--dropdown-tablet elementor-nav-menu__text-align-aside elementor-nav-menu--toggle elementor-nav-menu--burger elementor-widget elementor-widget-nav-menu\" data-id=\"13a6ea2\" data-element_type=\"widget\" data-e-type=\"widget\" data-settings=\"{&quot;layout&quot;:&quot;horizontal&quot;,&quot;submenu_icon&quot;:{&quot;value&quot;:&quot;&lt;i class=\\&quot;fas fa-caret-down\\&quot; aria-hidden=\\&quot;true\\&quot;&gt;&lt;\\\/i&gt;&quot;,&quot;library&quot;:&quot;fa-solid&quot;},&quot;toggle&quot;:&quot;burger&quot;}\" data-widget_type=\"nav-menu.default\">\n\t\t\t\t<div class=\"elementor-widget-container\">\n\t\t\t\t\t\t\t\t<nav aria-label=\"Menu\" class=\"elementor-nav-menu--main elementor-nav-menu__container elementor-nav-menu--layout-horizontal e--pointer-text e--animation-grow\">\n\t\t\t\t<ul id=\"menu-1-13a6ea2\" class=\"elementor-nav-menu\"><li class=\"menu-item menu-item-type-post_type menu-item-object-post menu-item-1454\"><a href=\"https:\/\/theatre-la-bicyclette.fr\/index.php\/2022\/10\/05\/lasso\/\" class=\"elementor-item\">L\u2019Asso<\/a><\/li>\n<li class=\"menu-item menu-item-type-post_type menu-item-object-page menu-item-1455\"><a href=\"https:\/\/theatre-la-bicyclette.fr\/index.php\/fiche-technique\/\" class=\"elementor-item\">Fiche Technique<\/a><\/li>\n<li class=\"menu-item menu-item-type-post_type menu-item-object-page menu-item-1456\"><a href=\"https:\/\/theatre-la-bicyclette.fr\/index.php\/devenir-benevole\/\" class=\"elementor-item\">Devenir B\u00e9n\u00e9vole<\/a><\/li>\n<li class=\"menu-item menu-item-type-post_type menu-item-object-page menu-item-1692\"><a href=\"https:\/\/theatre-la-bicyclette.fr\/index.php\/location-de-la-salle\/\" class=\"elementor-item\">Location de la salle<\/a><\/li>\n<li class=\"menu-item menu-item-type-post_type menu-item-object-page menu-item-2908\"><a href=\"https:\/\/theatre-la-bicyclette.fr\/index.php\/revue-de-presse\/\" class=\"elementor-item\">Revue de presse<\/a><\/li>\n<\/ul>\t\t\t<\/nav>\n\t\t\t\t\t<div class=\"elementor-menu-toggle\" role=\"button\" tabindex=\"0\" aria-label=\"Permuter le menu\" aria-expanded=\"false\">\n\t\t\t<i aria-hidden=\"true\" role=\"presentation\" class=\"elementor-menu-toggle__icon--open eicon-menu-bar\"><\/i><i aria-hidden=\"true\" role=\"presentation\" class=\"elementor-menu-toggle__icon--close eicon-close\"><\/i>\t\t<\/div>\n\t\t\t\t\t<nav class=\"elementor-nav-menu--dropdown elementor-nav-menu__container\" aria-hidden=\"true\">\n\t\t\t\t<ul id=\"menu-2-13a6ea2\" class=\"elementor-nav-menu\"><li class=\"menu-item menu-item-type-post_type menu-item-object-post menu-item-1454\"><a href=\"https:\/\/theatre-la-bicyclette.fr\/index.php\/2022\/10\/05\/lasso\/\" class=\"elementor-item\" tabindex=\"-1\">L\u2019Asso<\/a><\/li>\n<li class=\"menu-item menu-item-type-post_type menu-item-object-page menu-item-1455\"><a href=\"https:\/\/theatre-la-bicyclette.fr\/index.php\/fiche-technique\/\" class=\"elementor-item\" tabindex=\"-1\">Fiche Technique<\/a><\/li>\n<li class=\"menu-item menu-item-type-post_type menu-item-object-page menu-item-1456\"><a href=\"https:\/\/theatre-la-bicyclette.fr\/index.php\/devenir-benevole\/\" class=\"elementor-item\" tabindex=\"-1\">Devenir B\u00e9n\u00e9vole<\/a><\/li>\n<li class=\"menu-item menu-item-type-post_type menu-item-object-page menu-item-1692\"><a href=\"https:\/\/theatre-la-bicyclette.fr\/index.php\/location-de-la-salle\/\" class=\"elementor-item\" tabindex=\"-1\">Location de la salle<\/a><\/li>\n<li class=\"menu-item menu-item-type-post_type menu-item-object-page menu-item-2908\"><a href=\"https:\/\/theatre-la-bicyclette.fr\/index.php\/revue-de-presse\/\" class=\"elementor-item\" tabindex=\"-1\">Revue de presse<\/a><\/li>\n<\/ul>\t\t\t<\/nav>\n\t\t\t\t\t\t<\/div>\n\t\t\t\t<\/div>\n\t\t\t\t\t<\/div>\n\t\t<\/div>\n\t\t\t\t\t<\/div>\n\t\t<\/section>\n\t\t<div class=\"elementor-element elementor-element-5e0c696 e-flex e-con-boxed e-con e-parent\" data-id=\"5e0c696\" data-element_type=\"container\" data-e-type=\"container\">\n\t\t\t\t\t<div class=\"e-con-inner\">\n\t\t\t\t<div class=\"elementor-element elementor-element-abee1ba elementor-widget elementor-widget-pdf_viewer\" data-id=\"abee1ba\" data-element_type=\"widget\" data-e-type=\"widget\" data-widget_type=\"pdf_viewer.default\">\n\t\t\t\t<div class=\"elementor-widget-container\">\n\t\t\t\t\t<iframe src=\"https:\/\/docs.google.com\/viewer?url=https:\/\/theatre-la-bicyclette.fr\/wp-content\/uploads\/2024\/01\/fonctionnement-location-salle-de-theatre.pdf&amp;embedded=true\" style=\"display: block; margin-left: auto; margin-right: auto; width: 640px; height: 1020px;\" frameborder=\"1\" marginheight=\"0px\" marginwidth=\"0px\" allowfullscreen><\/iframe>\t\t\t\t<\/div>\n\t\t\t\t<\/div>\n\t\t\t\t\t<\/div>\n\t\t\t\t<\/div>\n\t\t\t\t<\/div>\n\t\t","protected":false},"excerpt":{"rendered":"","protected":false},"author":2,"featured_media":0,"parent":0,"menu_order":0,"comment_status":"closed","ping_status":"closed","template":"","meta":{"_acf_changed":false,"_seopress_robots_primary_cat":"","_seopress_titles_title":"","_seopress_titles_desc":"","_seopress_robots_index":"","_eb_attr":"","footnotes":""},"class_list":["post-1689","page","type-page","status-publish","hentry"],"acf":[],"yoast_head":"<!-- This site is optimized with the Yoast SEO plugin v27.3 - https:\/\/yoast.com\/product\/yoast-seo-wordpress\/ -->\n<title>Location de la salle - Th\u00e9\u00e2tre de la Bicyclette<\/title>\n<meta name=\"robots\" content=\"index, follow, max-snippet:-1, max-image-preview:large, max-video-preview:-1\" \/>\n<link rel=\"canonical\" href=\"https:\/\/theatre-la-bicyclette.fr\/index.php\/location-de-la-salle\/\" \/>\n<meta property=\"og:locale\" content=\"fr_FR\" \/>\n<meta property=\"og:type\" content=\"article\" \/>\n<meta property=\"og:title\" content=\"Location de la salle - Th\u00e9\u00e2tre de la Bicyclette\" \/>\n<meta property=\"og:url\" content=\"https:\/\/theatre-la-bicyclette.fr\/index.php\/location-de-la-salle\/\" \/>\n<meta property=\"og:site_name\" content=\"Th\u00e9\u00e2tre de la Bicyclette\" \/>\n<meta property=\"article:publisher\" content=\"https:\/\/www.facebook.com\/profile.php?id=100086652006023\" \/>\n<meta property=\"article:modified_time\" content=\"2024-01-11T02:56:39+00:00\" \/>\n<meta name=\"twitter:card\" content=\"summary_large_image\" \/>\n<meta name=\"twitter:label1\" content=\"Dur\u00e9e de lecture estim\u00e9e\" \/>\n\t<meta name=\"twitter:data1\" content=\"1 minute\" \/>\n<script type=\"application\/ld+json\" class=\"yoast-schema-graph\">{\"@context\":\"https:\\\/\\\/schema.org\",\"@graph\":[{\"@type\":\"WebPage\",\"@id\":\"https:\\\/\\\/theatre-la-bicyclette.fr\\\/index.php\\\/location-de-la-salle\\\/\",\"url\":\"https:\\\/\\\/theatre-la-bicyclette.fr\\\/index.php\\\/location-de-la-salle\\\/\",\"name\":\"Location de la salle - Th\u00e9\u00e2tre de la Bicyclette\",\"isPartOf\":{\"@id\":\"https:\\\/\\\/theatre-la-bicyclette.fr\\\/#website\"},\"datePublished\":\"2022-10-28T06:34:53+00:00\",\"dateModified\":\"2024-01-11T02:56:39+00:00\",\"inLanguage\":\"fr-FR\",\"potentialAction\":[{\"@type\":\"ReadAction\",\"target\":[\"https:\\\/\\\/theatre-la-bicyclette.fr\\\/index.php\\\/location-de-la-salle\\\/\"]}]},{\"@type\":\"WebSite\",\"@id\":\"https:\\\/\\\/theatre-la-bicyclette.fr\\\/#website\",\"url\":\"https:\\\/\\\/theatre-la-bicyclette.fr\\\/\",\"name\":\"Th\u00e9\u00e2tre de la Bicyclette\",\"description\":\"La petite reine des arts au c\u0153ur de Lod\u00e8ve.\",\"publisher\":{\"@id\":\"https:\\\/\\\/theatre-la-bicyclette.fr\\\/#organization\"},\"potentialAction\":[{\"@type\":\"SearchAction\",\"target\":{\"@type\":\"EntryPoint\",\"urlTemplate\":\"https:\\\/\\\/theatre-la-bicyclette.fr\\\/?s={search_term_string}\"},\"query-input\":{\"@type\":\"PropertyValueSpecification\",\"valueRequired\":true,\"valueName\":\"search_term_string\"}}],\"inLanguage\":\"fr-FR\"},{\"@type\":\"Organization\",\"@id\":\"https:\\\/\\\/theatre-la-bicyclette.fr\\\/#organization\",\"name\":\"Th\u00e9\u00e2tre de la Bicyclette\",\"url\":\"https:\\\/\\\/theatre-la-bicyclette.fr\\\/\",\"logo\":{\"@type\":\"ImageObject\",\"inLanguage\":\"fr-FR\",\"@id\":\"https:\\\/\\\/theatre-la-bicyclette.fr\\\/#\\\/schema\\\/logo\\\/image\\\/\",\"url\":\"https:\\\/\\\/theatre-la-bicyclette.fr\\\/wp-content\\\/uploads\\\/2023\\\/01\\\/logo-e1674724130978.png\",\"contentUrl\":\"https:\\\/\\\/theatre-la-bicyclette.fr\\\/wp-content\\\/uploads\\\/2023\\\/01\\\/logo-e1674724130978.png\",\"width\":200,\"height\":200,\"caption\":\"Th\u00e9\u00e2tre de la Bicyclette\"},\"image\":{\"@id\":\"https:\\\/\\\/theatre-la-bicyclette.fr\\\/#\\\/schema\\\/logo\\\/image\\\/\"},\"sameAs\":[\"https:\\\/\\\/www.facebook.com\\\/profile.php?id=100086652006023\"]}]}<\/script>\n<!-- \/ Yoast SEO plugin. -->","yoast_head_json":{"title":"Location de la salle - Th\u00e9\u00e2tre de la Bicyclette","robots":{"index":"index","follow":"follow","max-snippet":"max-snippet:-1","max-image-preview":"max-image-preview:large","max-video-preview":"max-video-preview:-1"},"canonical":"https:\/\/theatre-la-bicyclette.fr\/index.php\/location-de-la-salle\/","og_locale":"fr_FR","og_type":"article","og_title":"Location de la salle - Th\u00e9\u00e2tre de la Bicyclette","og_url":"https:\/\/theatre-la-bicyclette.fr\/index.php\/location-de-la-salle\/","og_site_name":"Th\u00e9\u00e2tre de la Bicyclette","article_publisher":"https:\/\/www.facebook.com\/profile.php?id=100086652006023","article_modified_time":"2024-01-11T02:56:39+00:00","twitter_card":"summary_large_image","twitter_misc":{"Dur\u00e9e de lecture estim\u00e9e":"1 minute"},"schema":{"@context":"https:\/\/schema.org","@graph":[{"@type":"WebPage","@id":"https:\/\/theatre-la-bicyclette.fr\/index.php\/location-de-la-salle\/","url":"https:\/\/theatre-la-bicyclette.fr\/index.php\/location-de-la-salle\/","name":"Location de la salle - Th\u00e9\u00e2tre de la Bicyclette","isPartOf":{"@id":"https:\/\/theatre-la-bicyclette.fr\/#website"},"datePublished":"2022-10-28T06:34:53+00:00","dateModified":"2024-01-11T02:56:39+00:00","inLanguage":"fr-FR","potentialAction":[{"@type":"ReadAction","target":["https:\/\/theatre-la-bicyclette.fr\/index.php\/location-de-la-salle\/"]}]},{"@type":"WebSite","@id":"https:\/\/theatre-la-bicyclette.fr\/#website","url":"https:\/\/theatre-la-bicyclette.fr\/","name":"Th\u00e9\u00e2tre de la Bicyclette","description":"La petite reine des arts au c\u0153ur de Lod\u00e8ve.","publisher":{"@id":"https:\/\/theatre-la-bicyclette.fr\/#organization"},"potentialAction":[{"@type":"SearchAction","target":{"@type":"EntryPoint","urlTemplate":"https:\/\/theatre-la-bicyclette.fr\/?s={search_term_string}"},"query-input":{"@type":"PropertyValueSpecification","valueRequired":true,"valueName":"search_term_string"}}],"inLanguage":"fr-FR"},{"@type":"Organization","@id":"https:\/\/theatre-la-bicyclette.fr\/#organization","name":"Th\u00e9\u00e2tre de la Bicyclette","url":"https:\/\/theatre-la-bicyclette.fr\/","logo":{"@type":"ImageObject","inLanguage":"fr-FR","@id":"https:\/\/theatre-la-bicyclette.fr\/#\/schema\/logo\/image\/","url":"https:\/\/theatre-la-bicyclette.fr\/wp-content\/uploads\/2023\/01\/logo-e1674724130978.png","contentUrl":"https:\/\/theatre-la-bicyclette.fr\/wp-content\/uploads\/2023\/01\/logo-e1674724130978.png","width":200,"height":200,"caption":"Th\u00e9\u00e2tre de la Bicyclette"},"image":{"@id":"https:\/\/theatre-la-bicyclette.fr\/#\/schema\/logo\/image\/"},"sameAs":["https:\/\/www.facebook.com\/profile.php?id=100086652006023"]}]}},"_links":{"self":[{"href":"https:\/\/theatre-la-bicyclette.fr\/index.php\/wp-json\/wp\/v2\/pages\/1689","targetHints":{"allow":["GET"]}}],"collection":[{"href":"https:\/\/theatre-la-bicyclette.fr\/index.php\/wp-json\/wp\/v2\/pages"}],"about":[{"href":"https:\/\/theatre-la-bicyclette.fr\/index.php\/wp-json\/wp\/v2\/types\/page"}],"author":[{"embeddable":true,"href":"https:\/\/theatre-la-bicyclette.fr\/index.php\/wp-json\/wp\/v2\/users\/2"}],"replies":[{"embeddable":true,"href":"https:\/\/theatre-la-bicyclette.fr\/index.php\/wp-json\/wp\/v2\/comments?post=1689"}],"version-history":[{"count":8,"href":"https:\/\/theatre-la-bicyclette.fr\/index.php\/wp-json\/wp\/v2\/pages\/1689\/revisions"}],"predecessor-version":[{"id":16324,"href":"https:\/\/theatre-la-bicyclette.fr\/index.php\/wp-json\/wp\/v2\/pages\/1689\/revisions\/16324"}],"wp:attachment":[{"href":"https:\/\/theatre-la-bicyclette.fr\/index.php\/wp-json\/wp\/v2\/media?parent=1689"}],"curies":[{"name":"wp","href":"https:\/\/api.w.org\/{rel}","templated":true}]}}